{"id":2568,"date":"2016-08-22T19:39:40","date_gmt":"2016-08-22T17:39:40","guid":{"rendered":"http:\/\/humanrights-online.org\/?page_id=2568"},"modified":"2023-05-16T12:20:15","modified_gmt":"2023-05-16T10:20:15","slug":"mitglied-werden","status":"publish","type":"page","link":"https:\/\/humanrights-online.org\/de\/mitglied-werden\/","title":{"rendered":"Mitmachen"},"content":{"rendered":"<div class=\"fusion-fullwidth fullwidth-box fusion-builder-row-1 nonhundred-percent-fullwidth non-hundred-percent-height-scrolling fusion-equal-height-columns\" style=\"--awb-background-position:left top;--awb-border-sizes-top:0px;--awb-border-sizes-bottom:0px;--awb-border-sizes-left:0px;--awb-border-sizes-right:0px;--awb-border-radius-top-left:0px;--awb-border-radius-top-right:0px;--awb-border-radius-bottom-right:0px;--awb-border-radius-bottom-left:0px;--awb-padding-top:20px;--awb-padding-bottom:20px;--awb-flex-wrap:wrap;\" ><div class=\"fusion-builder-row fusion-row\"><div class=\"fusion-layout-column fusion_builder_column fusion-builder-column-0 fusion_builder_column_1_2 1_2 fusion-one-half fusion-column-first\" style=\"--awb-padding-top:5%;--awb-padding-right:5%;--awb-padding-bottom:5%;--awb-padding-left:5%;--awb-bg-color:#f4f4f4;--awb-bg-color-hover:#f4f4f4;--awb-bg-size:cover;width:48%; margin-right: 4%;\"><div class=\"fusion-column-wrapper fusion-flex-column-wrapper-legacy\"><div class=\"fusion-title title fusion-title-1 fusion-sep-none fusion-title-text fusion-title-size-one\" style=\"--awb-margin-top-small:10px;--awb-margin-right-small:0px;--awb-margin-bottom-small:10px;--awb-margin-left-small:0px;\"><h1 class=\"fusion-title-heading title-heading-left\" style=\"margin:0;\">Mach mit!<\/h1><\/div><div class=\"fusion-text fusion-text-1\" style=\"--awb-text-transform:none;\"><p><strong>Tritt ein in den\u00a0<\/strong><b>Dialog<\/b><\/p>\n<p>H\u00e4ttest Du Lust an Human Rights Online teilzunehmen? Schicke uns einen Beitrag zum Thema Menschenrechte in den L\u00e4ndern der \u00d6stlichen Partnerschaft und\/oder Russland und beteilige Dich am Dialog! Wenn Du \u00dcbersetzungshilfe leisten kannst, umso besser.<\/p>\n<p>Wenn Du weiteres Interesse hast, &#8218;Like&#8216; uns auf\u00a0<a href=\"https:\/\/www.facebook.com\/ishr.online\" target=\"_blank\" rel=\"noopener noreferrer\">Facebook<\/a>!<\/p>\n<p><strong>Spenden<\/strong><\/p>\n<div id=\"80d8ec18a32eb6451\" class=\"panel-collapse collapse in\">\n<div class=\"panel-body toggle-content fusion-clearfix\">\n<p>Wenn Sie unsere Arbeit unterst\u00fctzen m\u00f6chten, freuen wir uns, wenn Sie eine Spende auf das IGFM Spendenkonto \u00fcberweisen oder uns online eine Einzugserm\u00e4chtigung erteilen. Auf Wunsch schicken wir Ihnen auch gerne Zahlscheine per Post zu.<\/p>\n<p>Sie erreichen uns unter:<br \/>\nInternationale Gesellschaft f\u00fcr Menschenrechte (IGFM) e.V.<br \/>\nEdisonstra\u00dfe 5,<br \/>\n60388 Frankfurt am Main<br \/>\nTel.: 069-420 108-0<br \/>\neMail: info@igfm.de<\/p>\n<h3 class=\"\" data-fontsize=\"21.72\" data-lineheight=\"28.2333px\">Spendenkonto<\/h3>\n<p><strong>Bank f\u00fcr Sozialwirtschaft<\/strong><br \/>\n<strong>IBAN: DE66 3702 0500 0001 4036 01<\/strong><br \/>\n<strong>BIC: BFSWDE33XXX<\/strong><\/p>\n<p><span class=\"layout layout_size_xl layout_type_2pane layout_vertical-fit layout_letter\">\u00a0<\/span><\/p>\n<\/div>\n<\/div>\n<\/div><div class=\"fusion-button-wrapper\"><a class=\"fusion-button button-flat fusion-button-default-size button-default fusion-button-default button-1 fusion-button-default-span fusion-button-default-type\" target=\"_self\" href=\"https:\/\/secure.spendenbank.de\/form\/2725?langid=1\"><span class=\"fusion-button-text awb-button__text awb-button__text--default\">JETZT SPENDEN<\/span><\/a><\/div><div class=\"fusion-clearfix\"><\/div><\/div><\/div><div class=\"fusion-layout-column fusion_builder_column fusion-builder-column-1 fusion_builder_column_1_2 1_2 fusion-one-half fusion-column-last\" style=\"--awb-bg-size:cover;width:48%;\"><div class=\"fusion-column-wrapper fusion-flex-column-wrapper-legacy\"><div class=\"fusion-slider-sc fusion-flexslider-loading flexslider flexslider-hover-type-none\" data-slideshow_autoplay=\"1\" data-slideshow_smooth_height=\"0\" data-slideshow_speed=\"7000\" style=\"max-width:100%;height:100%;\"><ul class=\"slides\"><li class=\"image\"><span class=\"fusion-image-hover-element hover-type-none\"><img decoding=\"async\" src=\"http:\/\/humanrights-online.org\/wp-content\/uploads\/2016\/08\/IMG_4409.jpg\" \/><\/span><\/li><li class=\"image\"><span class=\"fusion-image-hover-element hover-type-none\"><img decoding=\"async\" src=\"http:\/\/humanrights-online.org\/wp-content\/uploads\/2016\/08\/IMG_4780.jpg\" \/><\/span><\/li><\/ul><\/div><div class=\"fusion-sep-clear\"><\/div><div class=\"fusion-separator fusion-full-width-sep\" style=\"margin-left: auto;margin-right: auto;margin-top:10px;width:100%;\"><\/div><div class=\"fusion-sep-clear\"><\/div><div class=\"fusion-button-wrapper\"><a class=\"fusion-button button-flat fusion-button-default-size button-default fusion-button-default button-2 fusion-button-default-span fusion-button-default-type\" target=\"_self\" href=\"http:\/\/www.igfm.de\/ueber-uns\/mitglied-werden\/\"><span class=\"fusion-button-text awb-button__text awb-button__text--default\">Jetzt Mitglied werden! <\/span><\/a><\/div><div class=\"fusion-text fusion-text-2\" style=\"--awb-text-transform:none;--awb-margin-top:15px;\"><p><strong>Mitglied werden<\/strong><strong><br \/>\n<\/strong><br \/>\nStaatsb\u00fcrger eines Landes der \u00d6stlichen Partnerschaft\u00a0 oder Russlands: Bitte schreibt uns an <span style=\"text-decoration: underline;\">eurasia@ishr.org<\/span>.<br \/>\nDeutsche Staatsb\u00fcrger bitte die Deutsche Sektion der IGFM besuchen:\u00a0<a href=\"http:\/\/www.igfm.de\/ueber-uns\/mitglied-werden\/\">http:\/\/www.igfm.de\/ueber-uns\/mitglied-werden\/<\/a>.<br \/>\nAlle anderen, bitte an <span style=\"text-decoration: underline;\">info@ishr.org<\/span> wenden.<\/p>\n<\/div><div class=\"fusion-clearfix\"><\/div><\/div><\/div><\/div><\/div>\n","protected":false},"excerpt":{"rendered":"","protected":false},"author":1,"featured_media":0,"parent":0,"menu_order":0,"comment_status":"closed","ping_status":"closed","template":"","meta":{"slim_seo":{"title":"Mitmachen - Menschenrechte Osteuropa - News &amp; Konflikte","description":"Mach mit! Tritt ein in den\u00a0 Dialog H\u00e4ttest Du Lust an Human Rights Online teilzunehmen? Schicke uns einen Beitrag zum Thema Menschenrechte in den L\u00e4ndern der \u00d6s"},"footnotes":""},"class_list":["post-2568","page","type-page","status-publish","hentry"],"_links":{"self":[{"href":"https:\/\/humanrights-online.org\/de\/wp-json\/wp\/v2\/pages\/2568","targetHints":{"allow":["GET"]}}],"collection":[{"href":"https:\/\/humanrights-online.org\/de\/wp-json\/wp\/v2\/pages"}],"about":[{"href":"https:\/\/humanrights-online.org\/de\/wp-json\/wp\/v2\/types\/page"}],"author":[{"embeddable":true,"href":"https:\/\/humanrights-online.org\/de\/wp-json\/wp\/v2\/users\/1"}],"replies":[{"embeddable":true,"href":"https:\/\/humanrights-online.org\/de\/wp-json\/wp\/v2\/comments?post=2568"}],"version-history":[{"count":17,"href":"https:\/\/humanrights-online.org\/de\/wp-json\/wp\/v2\/pages\/2568\/revisions"}],"predecessor-version":[{"id":38592,"href":"https:\/\/humanrights-online.org\/de\/wp-json\/wp\/v2\/pages\/2568\/revisions\/38592"}],"wp:attachment":[{"href":"https:\/\/humanrights-online.org\/de\/wp-json\/wp\/v2\/media?parent=2568"}],"curies":[{"name":"wp","href":"https:\/\/api.w.org\/{rel}","templated":true}]}}